	{"id":367,"date":"2021-12-28T14:50:34","date_gmt":"2021-12-28T14:50:34","guid":{"rendered":"https:\/\/lavostrallar.hilldevelop.com\/?page_id=367"},"modified":"2023-01-10T14:45:02","modified_gmt":"2023-01-10T14:45:02","slug":"aviso-legal","status":"publish","type":"page","link":"https:\/\/lavostrallar.com\/ca\/aviso-legal\/","title":{"rendered":"Av\u00eds Legal"},"content":{"rendered":"<div data-elementor-type=\"wp-page\" data-elementor-id=\"367\" class=\"elementor elementor-367\" data-elementor-post-type=\"page\">\n\t\t\t\t\t\t<section class=\"elementor-section elementor-top-section elementor-element elementor-element-88ede37 elementor-section-boxed elementor-section-height-default elementor-section-height-default\" data-id=\"88ede37\" data-element_type=\"section\">\n\t\t\t\t\t\t<div class=\"elementor-container elementor-column-gap-default\">\n\t\t\t\t\t<div class=\"elementor-column elementor-col-100 elementor-top-column elementor-element elementor-element-cfb3781\" data-id=\"cfb3781\" data-element_type=\"column\">\n\t\t\t<div class=\"elementor-widget-wrap elementor-element-populated\">\n\t\t\t\t\t\t<div class=\"elementor-element elementor-element-89287d3 elementor-widget elementor-widget-heading\" data-id=\"89287d3\" data-element_type=\"widget\" data-widget_type=\"heading.default\">\n\t\t\t\t<div class=\"elementor-widget-container\">\n\t\t\t\t\t<h1 class=\"elementor-heading-title elementor-size-default\">Av\u00eds Legal<\/h1>\t\t\t\t<\/div>\n\t\t\t\t<\/div>\n\t\t\t\t<div class=\"elementor-element elementor-element-3e05136 elementor-widget elementor-widget-text-editor\" data-id=\"3e05136\" data-element_type=\"widget\" data-widget_type=\"text-editor.default\">\n\t\t\t\t<div class=\"elementor-widget-container\">\n\t\t\t\t\t\t\t\t\t<p><strong>1.- IDENTIFICADOR DEL TITULAR DEL PRESENT LLOC I P\u00c0GINES WEB<\/strong><\/p><p>A fi de donar compliment a les obligacions disposades en la Llei 34\/2002, d'11 de juliol, de Serveis de la Societat de la Informaci\u00f3 i de Comer\u00e7 Electr\u00f2nic (LSSICE), a continuaci\u00f3 s'indiquen les dades d'informaci\u00f3 general i d'identificaci\u00f3 d'aquest lloc web.<\/p><p class=\"translation-block\">Aquest lloc web \u00e9s propietat de LA VOSTRA LLAR RESIDENCIAL, S.L.., amb domicili social a Rambla Catalunya, 98, 3-1a, CP 08008, Barcelona; CIF B-67.450.031; inscrita en el Registre Mercantil de Barcelona al Tom 46.965, foli 98, full B-536.613; n\u00famero de tel\u00e8fon 931.206.153; adre\u00e7a de correu electr\u00f2nic: <a href=\"mailto:info@lavostrallar.com\" target=\"_self\">info@lavostrallar.com<\/a>.<\/p><p><strong>2.- CONDICIONS D'\u00daS<\/strong><\/p><p>Aquest lloc web cont\u00e9 materials preparats per la VOSTRA LLAR RESIDENCIAL, S.L. que han estat inclosos a mer t\u00edtol informatiu. LA VOSTRA LLAR RESIDENCIAL, S.L. no es responsabilitza dels errors o omissions dels quals poguessin emmalaltir els continguts d'aquest lloc web, ni assumeix cap deure o comprom\u00eds de verificar o vigilar els continguts i informacions d'aquesta p\u00e0gina web.<\/p><p>Tota persona que accedeixi a aquest lloc web assumeix el paper d'usuari, comprometent-se a l'observan\u00e7a i compliment rigor\u00f3s de les disposicions aqu\u00ed disposades, aix\u00ed com a qualsevol altra disposici\u00f3 legal que fos aplicable.<\/p><p>LA VOSTRA LLAR RESIDENCIAL, S.L. es reserva el dret de modificar qualsevol tipus d'informaci\u00f3 que pogu\u00e9s apar\u00e8ixer en el lloc web, sense que existeixi obligaci\u00f3 de preavisar o posar en coneixement dels usuaris aquestes obligacions, entenent-se com a suficient amb la publicaci\u00f3 en aquest lloc web.<\/p><p><strong>\u00a0<\/strong><\/p><p><strong>3.- LIMITACI\u00d3 DE RESPONSABILITAT<\/strong><\/p><p>Qui utilitza aquest lloc web, el fa pel seu propi compte i risc. LA VOSTRA LLAR RESIDENCIAL, S.L. no es responsabilitza dels errors o omissions dels quals poguessin emmalaltir els continguts d'aquest lloc web. LA VOSTRA LLAR RESIDENCIAL, S.L. tampoc podr\u00e0 ser considerada responsable per qualssevol danys derivats de la utilitzaci\u00f3 d'aquest lloc web, ni per qualsevol actuaci\u00f3 realitzada sobre la base de la informaci\u00f3 que en ella es facilita.<\/p><p>LA VOSTRA LLAR RESIDENCIAL, S.L., titular d'aquest lloc web, tampoc es fa responsable dels danys inform\u00e0tics o d'un altre tipus que pogu\u00e9s ocasionar a l'usuari visitant l'acc\u00e9s als continguts d'aquest lloc. Per aix\u00f2, LA VOSTRA LLAR RESIDENCIAL, S.L. no garanteix l'abs\u00e8ncia de virus o altres elements lesius, que poguessin causar danys o alteracions en el sistema inform\u00e0tic, en els documents electr\u00f2nics o en els fitxers de l'usuari o continguts d'aquest lloc web. En conseq\u00fc\u00e8ncia, LA VOSTRA LLAR RESIDENCIAL, S.L. no respon pels danys i perjudicis que tals elements poguessin ocasionar a l'usuari o a tercers.<\/p><p>Des de la p\u00e0gina web web, \u00e9s possible que es redirigeixi a continguts de tercers llocs web. At\u00e8s que el RESPONSABLE no pot controlar sempre els continguts introdu\u00efts pels tercers als seus respectius llocs web, no assumeix cap tipus de responsabilitat respecte a aquests continguts. En tot cas, procedir\u00e0 a la retirada immediata de qualsevol contingut que pogu\u00e9s contravenir la legislaci\u00f3 nacional i internacional, la moral o l'ordre p\u00fablic, procedint a la retirada immediata de la redirecci\u00f3 a aquest lloc web, posant en coneixement de les autoritats competents el contingut en q\u00fcesti\u00f3.<\/p><p>El RESPONSABLE no es fa responsable de la informaci\u00f3 i continguts emmagatzemats a t\u00edtol enunciatiu, per\u00f2 no limitatiu, en f\u00f2rums, xats, generadors de blogs, comentaris, xarxes socials o qualsevol altre mitj\u00e0 que permeti a tercers publicar continguts de manera independent en la p\u00e0gina web del RESPONSABLE. No obstant aix\u00f2, i en compliment del que es disposa en els articles 11 i 16 de la LSSICE, es posa a la disposici\u00f3 de tots els usuaris, autoritats i forces de seguretat, col\u00b7laborant de manera activa en la retirada o, en el seu cas, bloqueig de tots aquells continguts que puguin afectar o contravenir la legislaci\u00f3 nacional o internacional, els drets de tercers o la moral i l'ordre p\u00fablic. En cas que l'usuari consideri que existeix en el lloc web algun contingut que pogu\u00e9s ser susceptible d'aquesta classificaci\u00f3, es prega el notifiqui de manera immediata a l'administrador del lloc web.<\/p><p>Els servidors del lloc web podran detectar de manera autom\u00e0tica l'adre\u00e7a IP i el nom de domini utilitzats per l'usuari. Una adre\u00e7a IP \u00e9s un n\u00famero assignat autom\u00e0ticament a un ordinador quan aquest es connecta a Internet. Tota aquesta informaci\u00f3 \u00e9s registrada en un fitxer d'activitat del servidor, degudament inscrit, que permet el posterior processament de les dades amb la finalitat d'obtenir mesuraments \u00fanicament estad\u00edstics que permetin con\u00e8ixer el nombre d'impressions de p\u00e0gines, el nombre de visites realitzades als servidors web, l'ordre de visites, el punt d'acc\u00e9s, etc.<\/p><p><strong>4.- DRETS DE PROPIETAT INTEL\u00b7LECTUAL I INDUSTRIAL<\/strong><\/p><p>El lloc web, incloent-hi, a t\u00edtol enunciatiu, per\u00f2 no limitatiu, la seva programaci\u00f3, edici\u00f3, compilaci\u00f3 i altres elements necessaris per al seu funcionament, els dissenys, logotips, text i\/o gr\u00e0fics, s\u00f3n propietat del RESPONSABLE o, si escau, disposa de llic\u00e8ncia o autoritzaci\u00f3 expressa per part dels autors. Tots els continguts del lloc web es troben degudament protegits per la normativa de propietat intel\u00b7lectual i industrial, aix\u00ed com inscrits als registres p\u00fablics corresponents. Independentment de la finalitat per a la qual fossin destinats, la reproducci\u00f3 total o parcial, \u00fas, explotaci\u00f3, distribuci\u00f3 i comercialitzaci\u00f3 requereix en tot cas l'autoritzaci\u00f3 escrita pr\u00e8via per part del RESPONSABLE. Qualsevol \u00fas no autoritzat pr\u00e8viament es considera un incompliment greu dels drets de propietat intel\u00b7lectual o industrial de lautor.<\/p><p><strong>5.- LLEI APLICABLE I JURISDICCI\u00d3<\/strong><\/p><p>Per a la resoluci\u00f3 de totes les controv\u00e8rsies o q\u00fcestions relacionades amb el present lloc web o de les activitats en ell desenvolupades, ser\u00e0 aplicable la legislaci\u00f3 espanyola, a la qual se sotmeten expressament les parts, sent competents per a la resoluci\u00f3 de tots els conflictes derivats o relacionats amb el seu \u00fas els Jutjats i Tribunals m\u00e9s pr\u00f2xims a BARCELONA.<\/p>\t\t\t\t\t\t\t\t<\/div>\n\t\t\t\t<\/div>\n\t\t\t\t\t<\/div>\n\t\t<\/div>\n\t\t\t\t\t<\/div>\n\t\t<\/section>\n\t\t\t\t<\/div>","protected":false},"excerpt":{"rendered":"<p>Av\u00eds legal 1. \u2013 IDENTIFICACI\u00d3 DEL TITULAR D'AQUEST LLOC WEB I DE LES P\u00c0GINES WEB   Per tal de complir amb les obligacions establertes a la Llei 34\/2002, d'11 de juliol, de Serveis de la Societat de la Informaci\u00f3 i de Comer\u00e7 Electr\u00f2nic (LSSICE), a continuaci\u00f3 es proporcionen la informaci\u00f3 general i les dades d'identificaci\u00f3 de [\u2026]<\/p>","protected":false},"author":1,"featured_media":0,"parent":0,"menu_order":0,"comment_status":"closed","ping_status":"closed","template":"elementor_header_footer","meta":{"content-type":"","footnotes":""},"class_list":["post-367","page","type-page","status-publish","hentry"],"yoast_head":"<!-- This site is optimized with the Yoast SEO plugin v26.0 - https:\/\/yoast.com\/wordpress\/plugins\/seo\/ -->\n<title>Aviso Legal - La Vostra Llar<\/title>\n<meta name=\"description\" content=\"Aviso Legal La Vostra Llar - A fin de dar cumplimiento a las obligaciones dispuestas en la Ley\" \/>\n<meta name=\"robots\" content=\"index, follow, max-snippet:-1, max-image-preview:large, max-video-preview:-1\" \/>\n<link rel=\"canonical\" href=\"https:\/\/lavostrallar.com\/ca\/aviso-legal\/\" \/>\n<meta property=\"og:locale\" content=\"ca_ES\" \/>\n<meta property=\"og:type\" content=\"article\" \/>\n<meta property=\"og:title\" content=\"Aviso Legal - La Vostra Llar\" \/>\n<meta property=\"og:description\" content=\"Aviso Legal La Vostra Llar - A fin de dar cumplimiento a las obligaciones dispuestas en la Ley\" \/>\n<meta property=\"og:url\" content=\"https:\/\/lavostrallar.com\/ca\/aviso-legal\/\" \/>\n<meta property=\"og:site_name\" content=\"La Vostra Llar\" \/>\n<meta property=\"article:publisher\" content=\"https:\/\/www.facebook.com\/lavostra.llar\" \/>\n<meta property=\"article:modified_time\" content=\"2023-01-10T14:45:02+00:00\" \/>\n<meta name=\"twitter:card\" content=\"summary_large_image\" \/>\n<meta name=\"twitter:site\" content=\"@lavostrallar\" \/>\n<meta name=\"twitter:label1\" content=\"Temps estimat de lectura\" \/>\n\t<meta name=\"twitter:data1\" content=\"5 minuts\" \/>\n<script type=\"application\/ld+json\" class=\"yoast-schema-graph\">{\"@context\":\"https:\/\/schema.org\",\"@graph\":[{\"@type\":\"WebPage\",\"@id\":\"https:\/\/lavostrallar.com\/aviso-legal\/\",\"url\":\"https:\/\/lavostrallar.com\/aviso-legal\/\",\"name\":\"Aviso Legal - La Vostra Llar\",\"isPartOf\":{\"@id\":\"https:\/\/lavostrallar.com\/#website\"},\"datePublished\":\"2021-12-28T14:50:34+00:00\",\"dateModified\":\"2023-01-10T14:45:02+00:00\",\"description\":\"Aviso Legal La Vostra Llar - A fin de dar cumplimiento a las obligaciones dispuestas en la Ley\",\"breadcrumb\":{\"@id\":\"https:\/\/lavostrallar.com\/aviso-legal\/#breadcrumb\"},\"inLanguage\":\"ca\",\"potentialAction\":[{\"@type\":\"ReadAction\",\"target\":[\"https:\/\/lavostrallar.com\/aviso-legal\/\"]}]},{\"@type\":\"BreadcrumbList\",\"@id\":\"https:\/\/lavostrallar.com\/aviso-legal\/#breadcrumb\",\"itemListElement\":[{\"@type\":\"ListItem\",\"position\":1,\"name\":\"Portada\",\"item\":\"https:\/\/lavostrallar.com\/\"},{\"@type\":\"ListItem\",\"position\":2,\"name\":\"Aviso Legal\"}]},{\"@type\":\"WebSite\",\"@id\":\"https:\/\/lavostrallar.com\/#website\",\"url\":\"https:\/\/lavostrallar.com\/\",\"name\":\"La Vostra Llar\",\"description\":\"La Vostra Llar gestiona resid\u00e8ncies geri\u00e0triques des de 1987 amb la missi\u00f3 d\u2019oferir assist\u00e8ncia personalitzada per estimular, acollir i atendre les persones grans amb qualsevol grau de depend\u00e8ncia.\",\"publisher\":{\"@id\":\"https:\/\/lavostrallar.com\/#organization\"},\"potentialAction\":[{\"@type\":\"SearchAction\",\"target\":{\"@type\":\"EntryPoint\",\"urlTemplate\":\"https:\/\/lavostrallar.com\/?s={search_term_string}\"},\"query-input\":{\"@type\":\"PropertyValueSpecification\",\"valueRequired\":true,\"valueName\":\"search_term_string\"}}],\"inLanguage\":\"ca\"},{\"@type\":\"Organization\",\"@id\":\"https:\/\/lavostrallar.com\/#organization\",\"name\":\"La Vostra Llar\",\"url\":\"https:\/\/lavostrallar.com\/\",\"logo\":{\"@type\":\"ImageObject\",\"inLanguage\":\"ca\",\"@id\":\"https:\/\/lavostrallar.com\/#\/schema\/logo\/image\/\",\"url\":\"https:\/\/lavostrallar.com\/wp-content\/uploads\/2021\/09\/lavostrallar_logo_color.jpg\",\"contentUrl\":\"https:\/\/lavostrallar.com\/wp-content\/uploads\/2021\/09\/lavostrallar_logo_color.jpg\",\"width\":400,\"height\":200,\"caption\":\"La Vostra Llar\"},\"image\":{\"@id\":\"https:\/\/lavostrallar.com\/#\/schema\/logo\/image\/\"},\"sameAs\":[\"https:\/\/www.facebook.com\/lavostra.llar\",\"https:\/\/x.com\/lavostrallar\",\"https:\/\/www.instagram.com\/lavostrallar\/\"]}]}<\/script>\n<!-- \/ Yoast SEO plugin. -->","yoast_head_json":{"title":"Av\u00eds Legal - La Vostra Llar","description":"Av\u00eds Legal La Vostra Llar - Per tal de donar compliment a les obligacions disposades a la Llei","robots":{"index":"index","follow":"follow","max-snippet":"max-snippet:-1","max-image-preview":"max-image-preview:large","max-video-preview":"max-video-preview:-1"},"canonical":"https:\/\/lavostrallar.com\/ca\/aviso-legal\/","og_locale":"ca_ES","og_type":"article","og_title":"Aviso Legal - La Vostra Llar","og_description":"Aviso Legal La Vostra Llar - A fin de dar cumplimiento a las obligaciones dispuestas en la Ley","og_url":"https:\/\/lavostrallar.com\/ca\/aviso-legal\/","og_site_name":"La Vostra Llar","article_publisher":"https:\/\/www.facebook.com\/lavostra.llar","article_modified_time":"2023-01-10T14:45:02+00:00","twitter_card":"summary_large_image","twitter_site":"@lavostrallar","twitter_misc":{"Temps estimat de lectura":"5 minuts"},"schema":{"@context":"https:\/\/schema.org","@graph":[{"@type":"WebPage","@id":"https:\/\/lavostrallar.com\/aviso-legal\/","url":"https:\/\/lavostrallar.com\/aviso-legal\/","name":"Av\u00eds Legal - La Vostra Llar","isPartOf":{"@id":"https:\/\/lavostrallar.com\/#website"},"datePublished":"2021-12-28T14:50:34+00:00","dateModified":"2023-01-10T14:45:02+00:00","description":"Av\u00eds Legal La Vostra Llar - Per tal de donar compliment a les obligacions disposades a la Llei","breadcrumb":{"@id":"https:\/\/lavostrallar.com\/aviso-legal\/#breadcrumb"},"inLanguage":"ca","potentialAction":[{"@type":"ReadAction","target":["https:\/\/lavostrallar.com\/aviso-legal\/"]}]},{"@type":"BreadcrumbList","@id":"https:\/\/lavostrallar.com\/aviso-legal\/#breadcrumb","itemListElement":[{"@type":"ListItem","position":1,"name":"Portada","item":"https:\/\/lavostrallar.com\/"},{"@type":"ListItem","position":2,"name":"Aviso Legal"}]},{"@type":"WebSite","@id":"https:\/\/lavostrallar.com\/#website","url":"https:\/\/lavostrallar.com\/","name":"La Vostra Llar","description":"La Vostra Llar gestiona resid\u00e8ncies de gent gran des de 1987 amb la missi\u00f3 d'oferir una atenci\u00f3 personalitzada per estimular, acollir i cuidar les persones grans amb qualsevol grau de depend\u00e8ncia.","publisher":{"@id":"https:\/\/lavostrallar.com\/#organization"},"potentialAction":[{"@type":"SearchAction","target":{"@type":"EntryPoint","urlTemplate":"https:\/\/lavostrallar.com\/?s={search_term_string}"},"query-input":{"@type":"PropertyValueSpecification","valueRequired":true,"valueName":"search_term_string"}}],"inLanguage":"ca"},{"@type":"Organization","@id":"https:\/\/lavostrallar.com\/#organization","name":"La Vostra Llar","url":"https:\/\/lavostrallar.com\/","logo":{"@type":"ImageObject","inLanguage":"ca","@id":"https:\/\/lavostrallar.com\/#\/schema\/logo\/image\/","url":"https:\/\/lavostrallar.com\/wp-content\/uploads\/2021\/09\/lavostrallar_logo_color.jpg","contentUrl":"https:\/\/lavostrallar.com\/wp-content\/uploads\/2021\/09\/lavostrallar_logo_color.jpg","width":400,"height":200,"caption":"La Vostra Llar"},"image":{"@id":"https:\/\/lavostrallar.com\/#\/schema\/logo\/image\/"},"sameAs":["https:\/\/www.facebook.com\/lavostra.llar","https:\/\/x.com\/lavostrallar","https:\/\/www.instagram.com\/lavostrallar\/"]}]}},"_links":{"self":[{"href":"https:\/\/lavostrallar.com\/ca\/wp-json\/wp\/v2\/pages\/367","targetHints":{"allow":["GET"]}}],"collection":[{"href":"https:\/\/lavostrallar.com\/ca\/wp-json\/wp\/v2\/pages"}],"about":[{"href":"https:\/\/lavostrallar.com\/ca\/wp-json\/wp\/v2\/types\/page"}],"author":[{"embeddable":true,"href":"https:\/\/lavostrallar.com\/ca\/wp-json\/wp\/v2\/users\/1"}],"replies":[{"embeddable":true,"href":"https:\/\/lavostrallar.com\/ca\/wp-json\/wp\/v2\/comments?post=367"}],"version-history":[{"count":0,"href":"https:\/\/lavostrallar.com\/ca\/wp-json\/wp\/v2\/pages\/367\/revisions"}],"wp:attachment":[{"href":"https:\/\/lavostrallar.com\/ca\/wp-json\/wp\/v2\/media?parent=367"}],"curies":[{"name":"wp","href":"https:\/\/api.w.org\/{rel}","templated":true}]}}